{"id":56,"date":"2025-08-14T07:05:46","date_gmt":"2025-08-14T07:05:46","guid":{"rendered":"http:\/\/www.nozaik.com\/?page_id=56"},"modified":"2025-09-18T18:44:26","modified_gmt":"2025-09-18T18:44:26","slug":"mustafa-alp","status":"publish","type":"page","link":"https:\/\/www.nozaik.com\/?page_id=56","title":{"rendered":"BIOGRAPHY"},"content":{"rendered":"\n<p><mark style=\"background-color:rgba(0, 0, 0, 0)\" class=\"has-inline-color has-black-color\"><strong>MEHTAP ALP<\/strong> <strong>&#8211;<\/strong> <strong>Vocal &amp; Bass Player<\/strong><\/mark> <img loading=\"lazy\" decoding=\"async\" width=\"150\" height=\"200\" class=\"wp-image-110\" style=\"width: 150px;\" src=\"http:\/\/www.nozaik.com\/wp-content\/uploads\/2025\/08\/Mehtap-Alp.jpg\" alt=\"\" srcset=\"https:\/\/www.nozaik.com\/wp-content\/uploads\/2025\/08\/Mehtap-Alp.jpg 1536w, https:\/\/www.nozaik.com\/wp-content\/uploads\/2025\/08\/Mehtap-Alp-225x300.jpg 225w, https:\/\/www.nozaik.com\/wp-content\/uploads\/2025\/08\/Mehtap-Alp-768x1024.jpg 768w, https:\/\/www.nozaik.com\/wp-content\/uploads\/2025\/08\/Mehtap-Alp-1152x1536.jpg 1152w\" sizes=\"auto, (max-width: 150px) 100vw, 150px\" \/><\/p>\n\n\n\n<p><strong><mark style=\"background-color:rgba(0, 0, 0, 0)\" class=\"has-inline-color has-black-color\">With a passion for music that blossomed in her childhood, Mehtap Alp took her first real step into the world of performance when she was accepted into the Fine Arts High School\u2019s Music Department. She went on to study at Uluda\u011f University\u2019s Music Teaching Department, graduating in 2004. During this time, she worked as a music teacher in various schools, inspiring her students while also nurturing her own musical journey.<\/mark><\/strong><\/p>\n\n\n\n<p><strong><mark style=\"background-color:rgba(0, 0, 0, 0)\" class=\"has-inline-color has-black-color\">Born in Eski\u015fehir, Alp began her career with the band \u0130kibesbir (II\u2013V\u2013I Jazz), performing at various venues and schools in Bursa. In 2019, she took the stage with \u0130kibesbir at the Bursa Nil\u00fcfer Municipality Jazz Festival, sharing her love for jazz with the audience. She later joined the band Nozaik, continuing to perform both as a bassist and vocalist.<\/mark><\/strong><\/p>\n\n\n\n<p><strong><mark style=\"background-color:rgba(0, 0, 0, 0)\" class=\"has-inline-color has-black-color\">Alp has performed on numerous stages in Turkey and Sweden, appearing at cultural festivals in J\u00f6nk\u00f6ping, Norrk\u00f6ping, and Link\u00f6ping with a wide repertoire ranging from world music to jazz influences. In 2024, she released her debut album Boundless Dreams, a collection of works inspired by different cultures and reflecting a cross-genre approach, offering music lovers a unique experience.<\/mark><\/strong><\/p>\n\n\n\n<p><strong><mark style=\"background-color:rgba(0, 0, 0, 0)\" class=\"has-inline-color has-black-color\">Her musical style blends Eastern melodies with jazz harmonies and groove-based bass lines, creating a sound world that is both rhythmic and emotional. Her performances are warm and inviting, offering the audience a journey to remember.<\/mark><\/strong><\/p>\n\n\n\n<p><strong><mark style=\"background-color:rgba(0, 0, 0, 0)\" class=\"has-inline-color has-black-color\">MUSTAFA ALP &#8211; Guitar Player &amp; Vocal <\/mark><img loading=\"lazy\" decoding=\"async\" width=\"150\" height=\"100\" class=\"wp-image-114\" style=\"width: 150px;\" src=\"http:\/\/www.nozaik.com\/wp-content\/uploads\/2025\/08\/Mustafa-Alp-1-scaled.jpg\" alt=\"\" srcset=\"https:\/\/www.nozaik.com\/wp-content\/uploads\/2025\/08\/Mustafa-Alp-1-scaled.jpg 2560w, https:\/\/www.nozaik.com\/wp-content\/uploads\/2025\/08\/Mustafa-Alp-1-300x200.jpg 300w, https:\/\/www.nozaik.com\/wp-content\/uploads\/2025\/08\/Mustafa-Alp-1-1024x683.jpg 1024w, https:\/\/www.nozaik.com\/wp-content\/uploads\/2025\/08\/Mustafa-Alp-1-768x512.jpg 768w, https:\/\/www.nozaik.com\/wp-content\/uploads\/2025\/08\/Mustafa-Alp-1-1536x1024.jpg 1536w, https:\/\/www.nozaik.com\/wp-content\/uploads\/2025\/08\/Mustafa-Alp-1-2048x1365.jpg 2048w\" sizes=\"auto, (max-width: 150px) 100vw, 150px\" \/><\/strong><\/p>\n\n\n\n<p><strong><mark style=\"background-color:rgba(0, 0, 0, 0)\" class=\"has-inline-color has-black-color\">He has been immersed in music since childhood, beginning his formal journey at a Turkish Music Conservatory during his high school years. Later, he pursued classical music training at university, graduating from the Music Teaching Department in 2001. His passion for music led him to further study jazz, earning a Master\u2019s degree from Bah\u00e7e\u015fehir University\u2019s Jazz Academy.<\/mark><\/strong><\/p>\n\n\n\n<p><strong><mark style=\"background-color:rgba(0, 0, 0, 0)\" class=\"has-inline-color has-black-color\">Alongside his teaching career, he has performed extensively with various bands and ensembles, gaining rich experience on stage. During his jazz studies, he collaborated with renowned musicians such as Erkan O\u011fur, Baki Duyarlar, and \u015eevket Ak\u0131nc\u0131, who deeply influenced his artistic growth.<\/mark><\/strong><\/p>\n\n\n\n<p><strong><mark style=\"background-color:rgba(0, 0, 0, 0)\" class=\"has-inline-color has-black-color\">In 2019, he relocated to J\u00f6nk\u00f6ping, Sweden, where he joined Engelska Skolan as a music teacher. This diverse background\u2014spanning Turkish classical, Western classical, and jazz traditions\u2014has profoundly shaped his musical approach. He continues to explore how these genres can be woven together as he searches for his own unique sound, balancing his roles as an educator and performer with a deep passion for music.<\/mark><\/strong><\/p>\n\n\n\n<p><mark style=\"background-color:rgba(0, 0, 0, 0)\" class=\"has-inline-color has-black-color\"><strong>ALI UGUR OKUMUSOGLU &#8211; Drummer<\/strong><\/mark> <img loading=\"lazy\" decoding=\"async\" width=\"150\" height=\"225\" class=\"wp-image-112\" style=\"width: 150px;\" src=\"http:\/\/www.nozaik.com\/wp-content\/uploads\/2025\/08\/Ali-Ugur-Okumusoglu-1-scaled.jpg\" alt=\"\" srcset=\"https:\/\/www.nozaik.com\/wp-content\/uploads\/2025\/08\/Ali-Ugur-Okumusoglu-1-scaled.jpg 1707w, https:\/\/www.nozaik.com\/wp-content\/uploads\/2025\/08\/Ali-Ugur-Okumusoglu-1-200x300.jpg 200w, https:\/\/www.nozaik.com\/wp-content\/uploads\/2025\/08\/Ali-Ugur-Okumusoglu-1-683x1024.jpg 683w, https:\/\/www.nozaik.com\/wp-content\/uploads\/2025\/08\/Ali-Ugur-Okumusoglu-1-768x1152.jpg 768w, https:\/\/www.nozaik.com\/wp-content\/uploads\/2025\/08\/Ali-Ugur-Okumusoglu-1-1024x1536.jpg 1024w, https:\/\/www.nozaik.com\/wp-content\/uploads\/2025\/08\/Ali-Ugur-Okumusoglu-1-1365x2048.jpg 1365w\" sizes=\"auto, (max-width: 150px) 100vw, 150px\" \/><\/p>\n\n\n\n<div class=\"wp-block-group\"><div class=\"wp-block-group__inner-container is-layout-constrained wp-block-group-is-layout-constrained\">\n<p><mark style=\"background-color:rgba(0, 0, 0, 0)\" class=\"has-inline-color has-black-color\"><strong>He began his musical journey in elementary school by playing the piano. During his high school years, he discovered the drums and gradually shifted his full musical focus to this instrument. For over 25 years, he has performed professionally on stage, embracing a wide range of styles including rock, arabesque, pop, metal, and jazz, as well as appearing with classical ensembles such as the Bursa Symphony Orchestra.<\/strong><\/mark><\/p>\n\n\n\n<p><mark style=\"background-color:rgba(0, 0, 0, 0)\" class=\"has-inline-color has-black-color\"><strong>He has shared the stage with many well-known Turkish artists who have released albums of their own, including Bora Duran, Ebru G\u00fcnde\u015f, Fatih Erko\u00e7, Fettah Can, G\u00fclben Ergen, Suspect, and many more. He also performed with his band Sirius at Zeytinli Rock Festival, one of Turkey\u2019s most prominent music events, and contributed to music history by touring with <em>Z\u0131wana<\/em> in the first rock music tour ever held in Eastern Anatolia.<\/strong><\/mark><\/p>\n\n\n\n<p><mark style=\"background-color:rgba(0, 0, 0, 0)\" class=\"has-inline-color has-black-color\"><strong>In addition to his performances, he has worked as a drum instructor at various music schools in Bursa, guiding hundreds of students on their own musical journeys. He is recognized for his stage experience and his ability to adapt rhythmic knowledge across different genres. He is currently based in Sweden, where he continues his musical work as one of the founding members of Nozaik.<\/strong><\/mark><\/p>\n<\/div><\/div>\n","protected":false},"excerpt":{"rendered":"<p>MEHTAP ALP &#8211; Vocal &amp; Bass Player With a passion for music that blossomed in her childhood, Mehtap Alp took her first real step into the world of performance when she was accepted into the Fine Arts High School\u2019s Music Department. She went on to study at Uluda\u011f University\u2019s Music Teaching Department, graduating in 2004. [&hellip;]<\/p>\n","protected":false},"author":1,"featured_media":0,"parent":0,"menu_order":0,"comment_status":"closed","ping_status":"closed","template":"","meta":{"footnotes":""},"class_list":["post-56","page","type-page","status-publish","hentry"],"_links":{"self":[{"href":"https:\/\/www.nozaik.com\/index.php?rest_route=\/wp\/v2\/pages\/56","targetHints":{"allow":["GET"]}}],"collection":[{"href":"https:\/\/www.nozaik.com\/index.php?rest_route=\/wp\/v2\/pages"}],"about":[{"href":"https:\/\/www.nozaik.com\/index.php?rest_route=\/wp\/v2\/types\/page"}],"author":[{"embeddable":true,"href":"https:\/\/www.nozaik.com\/index.php?rest_route=\/wp\/v2\/users\/1"}],"replies":[{"embeddable":true,"href":"https:\/\/www.nozaik.com\/index.php?rest_route=%2Fwp%2Fv2%2Fcomments&post=56"}],"version-history":[{"count":12,"href":"https:\/\/www.nozaik.com\/index.php?rest_route=\/wp\/v2\/pages\/56\/revisions"}],"predecessor-version":[{"id":203,"href":"https:\/\/www.nozaik.com\/index.php?rest_route=\/wp\/v2\/pages\/56\/revisions\/203"}],"wp:attachment":[{"href":"https:\/\/www.nozaik.com\/index.php?rest_route=%2Fwp%2Fv2%2Fmedia&parent=56"}],"curies":[{"name":"wp","href":"https:\/\/api.w.org\/{rel}","templated":true}]}}